{"id":108,"date":"2023-08-14T14:49:30","date_gmt":"2023-08-14T11:49:30","guid":{"rendered":"https:\/\/www.kemalcanerdelioglu.com\/de\/?page_id=108"},"modified":"2024-02-14T11:39:55","modified_gmt":"2024-02-14T08:39:55","slug":"uber-mich","status":"publish","type":"page","link":"https:\/\/www.kemalcanerdelioglu.com\/de\/uber-mich\/","title":{"rendered":"\u00dcber mich"},"content":{"rendered":"<p>Nach Abschluss seiner Universit\u00e4tsausbildung an der medizinischen Fakult\u00e4t der Universit\u00e4t Ankara Gazi erhielt er seine Facharztausbildung am Atat\u00fcrk-Ausbildungs- und Forschungskrankenhaus der Universit\u00e4t Ankara Y\u0131ld\u0131r\u0131m Beyaz\u0131t und am Stadtkrankenhaus Ankara und arbeitete au\u00dferdem als Operationsarzt am Istanbul Ba\u015fak\u015fehir \u00c7am und am Sakura Stadtkrankenhaus. Er hat von internationalen Organisationen Schulungen und Zertifizierungen f\u00fcr Botulinumtoxin und Lippenf\u00fcller erhalten.<\/p>\n<p>Kemal Caner Delio\u011flu, ein Spezialist f\u00fcr Kopf- und Halschirurgie und HNO-Erkrankungen, arbeitet weiterhin aktiv an der Nasen- und Gesichts\u00e4sthetik.<\/p>\n<p><strong>2007 \u2013 2014<\/strong> Medizinische Fakult\u00e4t der Gazi-Universit\u00e4t<\/p>\n<p><strong>2015 \u2013 2020<\/strong> Y\u0131ld\u0131r\u0131m Beyaz\u0131t Universit\u00e4t<\/p>\n<p><strong>2015 \u2013 2019<\/strong> Ankara Atat\u00fcrk Trainings- und Forschungskrankenhaus<\/p>\n<p><strong>2019 \u2013 2020<\/strong> Stadtkrankenhaus Ankara<\/p>\n<p><strong>2020 \u2013 2022<\/strong> Istanbul Ba\u015fak\u015fehir \u00c7am und Sakura City Hospital<\/p>\n<p><strong>2018<\/strong>\u00a0Botox-Filler-Schulung<\/p>\n<p>Facharbeit <strong>2020<\/strong>: Einfluss von Operationen auf Schlafarchitektur, Position und Polysomnographieparameter bei obstruktiver Schlafapnoe<\/p>\n","protected":false},"excerpt":{"rendered":"<p>Nach Abschluss seiner Universit\u00e4tsausbildung an der medizinischen Fakult\u00e4t der Universit\u00e4t Ankara Gazi erhielt er seine Facharztausbildung am Atat\u00fcrk-Ausbildungs- und Forschungskrankenhaus der Universit\u00e4t Ankara Y\u0131ld\u0131r\u0131m Beyaz\u0131t und am Stadtkrankenhaus Ankara und arbeitete au\u00dferdem als Operationsarzt am Istanbul Ba\u015fak\u015fehir \u00c7am und am Sakura Stadtkrankenhaus. Er hat von internationalen Organisationen Schulungen und Zertifizierungen f\u00fcr Botulinumtoxin und Lippenf\u00fcller erhalten. [&hellip;]<\/p>\n","protected":false},"author":1,"featured_media":109,"parent":0,"menu_order":0,"comment_status":"closed","ping_status":"closed","template":"","meta":{"footnotes":""},"class_list":["post-108","page","type-page","status-publish","has-post-thumbnail","hentry"],"_links":{"self":[{"href":"https:\/\/www.kemalcanerdelioglu.com\/de\/wp-json\/wp\/v2\/pages\/108","targetHints":{"allow":["GET"]}}],"collection":[{"href":"https:\/\/www.kemalcanerdelioglu.com\/de\/wp-json\/wp\/v2\/pages"}],"about":[{"href":"https:\/\/www.kemalcanerdelioglu.com\/de\/wp-json\/wp\/v2\/types\/page"}],"author":[{"embeddable":true,"href":"https:\/\/www.kemalcanerdelioglu.com\/de\/wp-json\/wp\/v2\/users\/1"}],"replies":[{"embeddable":true,"href":"https:\/\/www.kemalcanerdelioglu.com\/de\/wp-json\/wp\/v2\/comments?post=108"}],"version-history":[{"count":5,"href":"https:\/\/www.kemalcanerdelioglu.com\/de\/wp-json\/wp\/v2\/pages\/108\/revisions"}],"predecessor-version":[{"id":320,"href":"https:\/\/www.kemalcanerdelioglu.com\/de\/wp-json\/wp\/v2\/pages\/108\/revisions\/320"}],"wp:featuredmedia":[{"embeddable":true,"href":"https:\/\/www.kemalcanerdelioglu.com\/de\/wp-json\/wp\/v2\/media\/109"}],"wp:attachment":[{"href":"https:\/\/www.kemalcanerdelioglu.com\/de\/wp-json\/wp\/v2\/media?parent=108"}],"curies":[{"name":"wp","href":"https:\/\/api.w.org\/{rel}","templated":true}]}}