{"id":108,"date":"2023-08-14T14:49:30","date_gmt":"2023-08-14T11:49:30","guid":{"rendered":"https:\/\/www.kemalcanerdelioglu.com\/en\/?page_id=108"},"modified":"2023-11-01T11:43:03","modified_gmt":"2023-11-01T08:43:03","slug":"about","status":"publish","type":"page","link":"https:\/\/www.kemalcanerdelioglu.com\/en\/about\/","title":{"rendered":"About"},"content":{"rendered":"<p>After completing his university education at Ankara Gazi University Faculty of Medicine, Kemal Caner Delio\u011flu received his specialization training at Ankara Y\u0131ld\u0131r\u0131m Beyaz\u0131t University Atat\u00fcrk Education and Research Hospital and Ankara City Hospital, and also served as an operating doctor at Istanbul Ba\u015fak\u015fehir \u00c7am ve Sakura City Hospital. He has received training and certification from international organizations in botulinum toxin and facial-lip filler procedures.<\/p>\n<p>As a specialist in Head and Neck Surgery and ENT diseases, Kemal Caner Delio\u011flu continues to actively work on nasal and facial aesthetics.<\/p>\n<p>Education and Work Experience:<\/p>\n<p>2007 \u2013 2014: Gazi University Faculty of Medicine<\/p>\n<p>2015 \u2013 2020: Y\u0131ld\u0131r\u0131m Beyaz\u0131t University<\/p>\n<p>2015 \u2013 2019: Ankara Atat\u00fcrk Education and Research Hospital<\/p>\n<p>2019 \u2013 2020: Ankara City Hospital<\/p>\n<p>2020 \u2013 2022: Istanbul Ba\u015fak\u015fehir \u00c7am ve Sakura City Hospital<\/p>\n<p>Training:<\/p>\n<p>2018: Botox and Filler Training<\/p>\n<p>2020: Thesis: The effect of surgeries on sleep architecture, position, and polysomnography parameters in obstructive sleep apnea.<\/p>\n","protected":false},"excerpt":{"rendered":"<p>After completing his university education at Ankara Gazi University Faculty of Medicine, Kemal Caner Delio\u011flu received his specialization training at Ankara Y\u0131ld\u0131r\u0131m Beyaz\u0131t University Atat\u00fcrk Education and Research Hospital and Ankara City Hospital, and also served as an operating doctor at Istanbul Ba\u015fak\u015fehir \u00c7am ve Sakura City Hospital. He has received training and certification from [&hellip;]<\/p>\n","protected":false},"author":1,"featured_media":109,"parent":0,"menu_order":0,"comment_status":"closed","ping_status":"closed","template":"","meta":{"footnotes":""},"class_list":["post-108","page","type-page","status-publish","has-post-thumbnail","hentry"],"_links":{"self":[{"href":"https:\/\/www.kemalcanerdelioglu.com\/en\/wp-json\/wp\/v2\/pages\/108","targetHints":{"allow":["GET"]}}],"collection":[{"href":"https:\/\/www.kemalcanerdelioglu.com\/en\/wp-json\/wp\/v2\/pages"}],"about":[{"href":"https:\/\/www.kemalcanerdelioglu.com\/en\/wp-json\/wp\/v2\/types\/page"}],"author":[{"embeddable":true,"href":"https:\/\/www.kemalcanerdelioglu.com\/en\/wp-json\/wp\/v2\/users\/1"}],"replies":[{"embeddable":true,"href":"https:\/\/www.kemalcanerdelioglu.com\/en\/wp-json\/wp\/v2\/comments?post=108"}],"version-history":[{"count":6,"href":"https:\/\/www.kemalcanerdelioglu.com\/en\/wp-json\/wp\/v2\/pages\/108\/revisions"}],"predecessor-version":[{"id":307,"href":"https:\/\/www.kemalcanerdelioglu.com\/en\/wp-json\/wp\/v2\/pages\/108\/revisions\/307"}],"wp:featuredmedia":[{"embeddable":true,"href":"https:\/\/www.kemalcanerdelioglu.com\/en\/wp-json\/wp\/v2\/media\/109"}],"wp:attachment":[{"href":"https:\/\/www.kemalcanerdelioglu.com\/en\/wp-json\/wp\/v2\/media?parent=108"}],"curies":[{"name":"wp","href":"https:\/\/api.w.org\/{rel}","templated":true}]}}